{"id":988142,"date":"2024-03-05T21:51:15","date_gmt":"2024-03-05T21:51:15","guid":{"rendered":"https:\/\/lksconsult.com\/?page_id=988142"},"modified":"2024-03-05T21:51:55","modified_gmt":"2024-03-05T21:51:55","slug":"reserva","status":"publish","type":"page","link":"https:\/\/lksconsult.com\/es\/reservation\/","title":{"rendered":"reserva"},"content":{"rendered":"<div data-elementor-type=\"wp-page\" data-elementor-id=\"988142\" class=\"elementor elementor-988142\" data-elementor-post-type=\"page\">\n\t\t\t\t<div class=\"elementor-element elementor-element-221be10 e-flex e-con-boxed e-con e-parent\" data-id=\"221be10\" data-element_type=\"container\" data-e-type=\"container\">\n\t\t\t\t\t<div class=\"e-con-inner\">\n\t\t<div class=\"elementor-element elementor-element-c613fbc e-con-full e-flex e-con e-child\" data-id=\"c613fbc\" data-element_type=\"container\" data-e-type=\"container\">\n\t\t\t\t<div class=\"elementor-element elementor-element-05f630f elementor-widget elementor-widget-heading\" data-id=\"05f630f\" data-element_type=\"widget\" data-e-type=\"widget\" data-widget_type=\"heading.default\">\n\t\t\t\t<div class=\"elementor-widget-container\">\n\t\t\t\t\t<h2 class=\"elementor-heading-title elementor-size-default\">Reserve su empresa<\/h2>\t\t\t\t<\/div>\n\t\t\t\t<\/div>\n\t\t\t\t<div class=\"elementor-element elementor-element-7bab981 elementor-icon-list--layout-traditional elementor-list-item-link-full_width elementor-widget elementor-widget-icon-list\" data-id=\"7bab981\" data-element_type=\"widget\" data-e-type=\"widget\" data-widget_type=\"icon-list.default\">\n\t\t\t\t<div class=\"elementor-widget-container\">\n\t\t\t\t\t\t\t<ul class=\"elementor-icon-list-items\">\n\t\t\t\t\t\t\t<li class=\"elementor-icon-list-item\">\n\t\t\t\t\t\t\t\t\t\t\t<span class=\"elementor-icon-list-icon\">\n\t\t\t\t\t\t\t<i aria-hidden=\"true\" class=\"vamtamtheme- vamtam-theme-check\"><\/i>\t\t\t\t\t\t<\/span>\n\t\t\t\t\t\t\t\t\t\t<span class=\"elementor-icon-list-text\">El registro de una nueva empresa puede llevar varias semanas. Una sociedad preconstituida ya est\u00e1 registrada, lo que le permite saltarse el largo proceso de registro e iniciar sus actividades empresariales de inmediato.<\/span>\n\t\t\t\t\t\t\t\t\t<\/li>\n\t\t\t\t\t\t\t\t<li class=\"elementor-icon-list-item\">\n\t\t\t\t\t\t\t\t\t\t\t<span class=\"elementor-icon-list-icon\">\n\t\t\t\t\t\t\t<i aria-hidden=\"true\" class=\"vamtamtheme- vamtam-theme-check\"><\/i>\t\t\t\t\t\t<\/span>\n\t\t\t\t\t\t\t\t\t\t<span class=\"elementor-icon-list-text\">Con una sociedad preconstituida, puede firmar contratos inmediatamente, licitar en proyectos y realizar otras actividades empresariales sin esperar a que se complete el papeleo administrativo.<\/span>\n\t\t\t\t\t\t\t\t\t<\/li>\n\t\t\t\t\t\t\t\t<li class=\"elementor-icon-list-item\">\n\t\t\t\t\t\t\t\t\t\t\t<span class=\"elementor-icon-list-icon\">\n\t\t\t\t\t\t\t<i aria-hidden=\"true\" class=\"vamtamtheme- vamtam-theme-check\"><\/i>\t\t\t\t\t\t<\/span>\n\t\t\t\t\t\t\t\t\t\t<span class=\"elementor-icon-list-text\"> Una empresa m\u00e1s antigua puede ser percibida como m\u00e1s reputada y digna de confianza por clientes y socios. Esta percepci\u00f3n puede ser beneficiosa en mercados competitivos donde se valoran la confianza y la experiencia.<\/span>\n\t\t\t\t\t\t\t\t\t<\/li>\n\t\t\t\t\t\t\t\t<li class=\"elementor-icon-list-item\">\n\t\t\t\t\t\t\t\t\t\t\t<span class=\"elementor-icon-list-icon\">\n\t\t\t\t\t\t\t<i aria-hidden=\"true\" class=\"vamtamtheme- vamtam-theme-check\"><\/i>\t\t\t\t\t\t<\/span>\n\t\t\t\t\t\t\t\t\t\t<span class=\"elementor-icon-list-text\">Al comprar una empresa ya constituida a Freeberry, se comprueba minuciosamente la situaci\u00f3n jur\u00eddica de la empresa, incluido su historial de deudas, litigios y cumplimiento de la normativa local.<\/span>\n\t\t\t\t\t\t\t\t\t<\/li>\n\t\t\t\t\t\t<\/ul>\n\t\t\t\t\t\t<\/div>\n\t\t\t\t<\/div>\n\t\t\t\t<\/div>\n\t\t<div class=\"elementor-element elementor-element-7cf92d3 e-con-full e-flex e-con e-child\" data-id=\"7cf92d3\" data-element_type=\"container\" data-e-type=\"container\">\n\t\t\t\t<div class=\"elementor-element elementor-element-ddab67d elementor-widget elementor-widget-html\" data-id=\"ddab67d\" data-element_type=\"widget\" data-e-type=\"widget\" data-widget_type=\"html.default\">\n\t\t\t\t<div class=\"elementor-widget-container\">\n\t\t\t\t\t<script charset=\"utf-8\" type=\"text\/javascript\" src=\"\/\/js.hsforms.net\/forms\/embed\/v2.js\"><\/script>\n<script>\n  hbspt.forms.create({\n    region: \"na1\",\n    portalId: \"7054796\",\n    formId: \"c5edefc2-3d0e-4170-9a9a-5d17e6a618b2\"\n  });\n<\/script>\t\t\t\t<\/div>\n\t\t\t\t<\/div>\n\t\t\t\t<\/div>\n\t\t\t\t\t<\/div>\n\t\t\t\t<\/div>\n\t\t\t\t<\/div>","protected":false},"excerpt":{"rendered":"<p>Reserve Your company Registration of a new company can take several weeks. A shelf company is already registered, allowing you to bypass the lengthy registration process and start your business activities immediately. With a shelf company, you can immediately engage in contracts, bid on projects, and conduct other business activities without waiting for administrative paperwork&#8230;<\/p>","protected":false},"author":1,"featured_media":0,"parent":0,"menu_order":0,"comment_status":"closed","ping_status":"closed","template":"","meta":{"footnotes":""},"class_list":["post-988142","page","type-page","status-publish","hentry"],"yoast_head":"<!-- This site is optimized with the Yoast SEO plugin v27.1.1 - https:\/\/yoast.com\/product\/yoast-seo-wordpress\/ -->\n<title>reservation - LKS Consult<\/title>\n<meta name=\"robots\" content=\"index, follow, max-snippet:-1, max-image-preview:large, max-video-preview:-1\" \/>\n<link rel=\"canonical\" href=\"https:\/\/lksconsult.com\/es\/reserva\/\" \/>\n<meta property=\"og:locale\" content=\"es_ES\" \/>\n<meta property=\"og:type\" content=\"article\" \/>\n<meta property=\"og:title\" content=\"reservation - LKS Consult\" \/>\n<meta property=\"og:description\" content=\"Reserve Your company Registration of a new company can take several weeks. A shelf company is already registered, allowing you to bypass the lengthy registration process and start your business activities immediately. With a shelf company, you can immediately engage in contracts, bid on projects, and conduct other business activities without waiting for administrative paperwork...\" \/>\n<meta property=\"og:url\" content=\"https:\/\/lksconsult.com\/es\/reserva\/\" \/>\n<meta property=\"og:site_name\" content=\"LKS Consult\" \/>\n<meta property=\"article:modified_time\" content=\"2024-03-05T21:51:55+00:00\" \/>\n<meta name=\"twitter:card\" content=\"summary_large_image\" \/>\n<meta name=\"twitter:label1\" content=\"Tiempo de lectura\" \/>\n\t<meta name=\"twitter:data1\" content=\"1 minuto\" \/>\n<script type=\"application\/ld+json\" class=\"yoast-schema-graph\">{\"@context\":\"https:\/\/schema.org\",\"@graph\":[{\"@type\":\"WebPage\",\"@id\":\"https:\/\/lksconsult.com\/reservation\/\",\"url\":\"https:\/\/lksconsult.com\/reservation\/\",\"name\":\"reservation - LKS Consult\",\"isPartOf\":{\"@id\":\"https:\/\/lksconsult.com\/#website\"},\"datePublished\":\"2024-03-05T21:51:15+00:00\",\"dateModified\":\"2024-03-05T21:51:55+00:00\",\"breadcrumb\":{\"@id\":\"https:\/\/lksconsult.com\/reservation\/#breadcrumb\"},\"inLanguage\":\"es\",\"potentialAction\":[{\"@type\":\"ReadAction\",\"target\":[\"https:\/\/lksconsult.com\/reservation\/\"]}]},{\"@type\":\"BreadcrumbList\",\"@id\":\"https:\/\/lksconsult.com\/reservation\/#breadcrumb\",\"itemListElement\":[{\"@type\":\"ListItem\",\"position\":1,\"name\":\"Home\",\"item\":\"https:\/\/lksconsult.com\/\"},{\"@type\":\"ListItem\",\"position\":2,\"name\":\"reservation\"}]},{\"@type\":\"WebSite\",\"@id\":\"https:\/\/lksconsult.com\/#website\",\"url\":\"https:\/\/lksconsult.com\/\",\"name\":\"LKS Consult\",\"description\":\"\",\"publisher\":{\"@id\":\"https:\/\/lksconsult.com\/#organization\"},\"potentialAction\":[{\"@type\":\"SearchAction\",\"target\":{\"@type\":\"EntryPoint\",\"urlTemplate\":\"https:\/\/lksconsult.com\/?s={search_term_string}\"},\"query-input\":{\"@type\":\"PropertyValueSpecification\",\"valueRequired\":true,\"valueName\":\"search_term_string\"}}],\"inLanguage\":\"es\"},{\"@type\":\"Organization\",\"@id\":\"https:\/\/lksconsult.com\/#organization\",\"name\":\"LKS Consult\",\"alternateName\":\"Start Company in Estonia\",\"url\":\"https:\/\/lksconsult.com\/\",\"logo\":{\"@type\":\"ImageObject\",\"inLanguage\":\"es\",\"@id\":\"https:\/\/lksconsult.com\/#\/schema\/logo\/image\/\",\"url\":\"https:\/\/lksconsult.com\/wp-content\/uploads\/2023\/07\/lkslogo.png\",\"contentUrl\":\"https:\/\/lksconsult.com\/wp-content\/uploads\/2023\/07\/lkslogo.png\",\"width\":267,\"height\":120,\"caption\":\"LKS Consult\"},\"image\":{\"@id\":\"https:\/\/lksconsult.com\/#\/schema\/logo\/image\/\"}}]}<\/script>\n<!-- \/ Yoast SEO plugin. -->","yoast_head_json":{"title":"reserva - LKS Consult","robots":{"index":"index","follow":"follow","max-snippet":"max-snippet:-1","max-image-preview":"max-image-preview:large","max-video-preview":"max-video-preview:-1"},"canonical":"https:\/\/lksconsult.com\/es\/reserva\/","og_locale":"es_ES","og_type":"article","og_title":"reservation - LKS Consult","og_description":"Reserve Your company Registration of a new company can take several weeks. A shelf company is already registered, allowing you to bypass the lengthy registration process and start your business activities immediately. With a shelf company, you can immediately engage in contracts, bid on projects, and conduct other business activities without waiting for administrative paperwork...","og_url":"https:\/\/lksconsult.com\/es\/reserva\/","og_site_name":"LKS Consult","article_modified_time":"2024-03-05T21:51:55+00:00","twitter_card":"summary_large_image","twitter_misc":{"Tiempo de lectura":"1 minuto"},"schema":{"@context":"https:\/\/schema.org","@graph":[{"@type":"WebPage","@id":"https:\/\/lksconsult.com\/reservation\/","url":"https:\/\/lksconsult.com\/reservation\/","name":"reserva - LKS Consult","isPartOf":{"@id":"https:\/\/lksconsult.com\/#website"},"datePublished":"2024-03-05T21:51:15+00:00","dateModified":"2024-03-05T21:51:55+00:00","breadcrumb":{"@id":"https:\/\/lksconsult.com\/reservation\/#breadcrumb"},"inLanguage":"es","potentialAction":[{"@type":"ReadAction","target":["https:\/\/lksconsult.com\/reservation\/"]}]},{"@type":"BreadcrumbList","@id":"https:\/\/lksconsult.com\/reservation\/#breadcrumb","itemListElement":[{"@type":"ListItem","position":1,"name":"Home","item":"https:\/\/lksconsult.com\/"},{"@type":"ListItem","position":2,"name":"reservation"}]},{"@type":"WebSite","@id":"https:\/\/lksconsult.com\/#website","url":"https:\/\/lksconsult.com\/","name":"LKS Consult","description":"","publisher":{"@id":"https:\/\/lksconsult.com\/#organization"},"potentialAction":[{"@type":"SearchAction","target":{"@type":"EntryPoint","urlTemplate":"https:\/\/lksconsult.com\/?s={search_term_string}"},"query-input":{"@type":"PropertyValueSpecification","valueRequired":true,"valueName":"search_term_string"}}],"inLanguage":"es"},{"@type":"Organization","@id":"https:\/\/lksconsult.com\/#organization","name":"LKS Consult","alternateName":"Start Company in Estonia","url":"https:\/\/lksconsult.com\/","logo":{"@type":"ImageObject","inLanguage":"es","@id":"https:\/\/lksconsult.com\/#\/schema\/logo\/image\/","url":"https:\/\/lksconsult.com\/wp-content\/uploads\/2023\/07\/lkslogo.png","contentUrl":"https:\/\/lksconsult.com\/wp-content\/uploads\/2023\/07\/lkslogo.png","width":267,"height":120,"caption":"LKS Consult"},"image":{"@id":"https:\/\/lksconsult.com\/#\/schema\/logo\/image\/"}}]}},"_links":{"self":[{"href":"https:\/\/lksconsult.com\/es\/wp-json\/wp\/v2\/pages\/988142","targetHints":{"allow":["GET"]}}],"collection":[{"href":"https:\/\/lksconsult.com\/es\/wp-json\/wp\/v2\/pages"}],"about":[{"href":"https:\/\/lksconsult.com\/es\/wp-json\/wp\/v2\/types\/page"}],"author":[{"embeddable":true,"href":"https:\/\/lksconsult.com\/es\/wp-json\/wp\/v2\/users\/1"}],"replies":[{"embeddable":true,"href":"https:\/\/lksconsult.com\/es\/wp-json\/wp\/v2\/comments?post=988142"}],"version-history":[{"count":5,"href":"https:\/\/lksconsult.com\/es\/wp-json\/wp\/v2\/pages\/988142\/revisions"}],"predecessor-version":[{"id":988150,"href":"https:\/\/lksconsult.com\/es\/wp-json\/wp\/v2\/pages\/988142\/revisions\/988150"}],"wp:attachment":[{"href":"https:\/\/lksconsult.com\/es\/wp-json\/wp\/v2\/media?parent=988142"}],"curies":[{"name":"wp","href":"https:\/\/api.w.org\/{rel}","templated":true}]}}